{"id":47,"date":"2023-08-31T17:43:56","date_gmt":"2023-08-31T22:43:56","guid":{"rendered":"https:\/\/diegolopezpalomo.com\/?page_id=47"},"modified":"2024-07-15T16:03:51","modified_gmt":"2024-07-15T21:03:51","slug":"quien-es-palomo","status":"publish","type":"page","link":"https:\/\/diegolopezpalomo.com\/index.php\/quien-es-palomo\/","title":{"rendered":"Qui\u00e9n es &#8220;Palomo&#8221;"},"content":{"rendered":"\n<p><strong>DIEGO ANDR\u00c9S L\u00d3PEZ SU\u00c1REZ<\/strong><\/p>\n\n\n\n<p>Naci\u00f3 el 18 de junio de 1983 en Mesitas de El Colegio, hijo de una familia Colegiuna, Bernardo L\u00f3pez y Lucila Su\u00e1rez, quienes durante a\u00f1os trabajaron en torno a la herradura domada y al servicio de montada de caballos, labores que realizaba junto con su padre en las veredas aleda\u00f1as a la inspecci\u00f3n de La Victoria. Fue all\u00ed junto con sus padres, donde conoci\u00f3 el trabajo y esfuerzo que implica dedicarse al campo y que prometi\u00f3 dejar como legado a su hijo Juan Diego L\u00f3pez Mart\u00ednez.<\/p>\n\n\n\n<p>Realiz\u00f3 sus estudios de secundaria en el Colegio Departamental El Tequendama, hasta grado d\u00e9cimo, el grado und\u00e9cimo lo culmin\u00f3 en el Liceo Tequendama, obteniendo el grado de bachiller acad\u00e9mico.<\/p>\n\n\n\n<p>Administrador P\u00fablico, de la Corporaci\u00f3n Unificada Nacional de Educaci\u00f3n Superior, con especializaci\u00f3n en Derecho Constitucional de la Universidad Externado de Colombia y estudios realizados en Teor\u00eda de la Negociaci\u00f3n en la Universidad de Harvard,<\/p>\n\n\n\n<p>Dentro de su experiencia en el sector p\u00fablico y con el apoyo de la comunidad, fue elegido como el concejal m\u00e1s votado en el municipio y perteneci\u00f3 a la Corporaci\u00f3n, en dos periodos consecutivos, 2008-2011 y 2012-2015; adem\u00e1s, gestion\u00f3 recursos en mejoramientos en v\u00edas terciarias del Municipio, en el a\u00f1o 2012; fue elegido Presidente de la Entidad, nombrado Asesor financiero de la Empresa de Servicios P\u00fablicos de Empucol, cargo que desempe\u00f1\u00f3 durante el 2017; tambi\u00e9n, ejerci\u00f3 como Coordinador de la Oficina de Vivienda en la Alcald\u00eda de El Colegio 2017-2018, Gestor de Proyectos para la Fundaci\u00f3n \u201cMujeres en Red\u201d 2018-2019; Asesor Cultura Ciudadana, Gobernaci\u00f3n de Cundinamarca 2020 y Gerente Secretar\u00eda de la Mujer Gobernaci\u00f3n de Cundinamarca 2021-2022.<\/p>\n","protected":false},"excerpt":{"rendered":"<p>DIEGO ANDR\u00c9S L\u00d3PEZ SU\u00c1REZ Naci\u00f3 el 18 de junio de 1983 en Mesitas de El Colegio, hijo de una familia Colegiuna, Bernardo L\u00f3pez y Lucila Su\u00e1rez, quienes durante a\u00f1os trabajaron en torno a la herradura domada y al servicio de&#8230; <a class=\"more-link\" href=\"https:\/\/diegolopezpalomo.com\/index.php\/quien-es-palomo\/\">Seguir leyendo &rarr;<\/a><\/p>\n","protected":false},"author":1,"featured_media":0,"parent":0,"menu_order":0,"comment_status":"closed","ping_status":"closed","template":"","meta":{"footnotes":""},"class_list":["post-47","page","type-page","status-publish","hentry"],"aioseo_notices":[],"_links":{"self":[{"href":"https:\/\/diegolopezpalomo.com\/index.php\/wp-json\/wp\/v2\/pages\/47","targetHints":{"allow":["GET"]}}],"collection":[{"href":"https:\/\/diegolopezpalomo.com\/index.php\/wp-json\/wp\/v2\/pages"}],"about":[{"href":"https:\/\/diegolopezpalomo.com\/index.php\/wp-json\/wp\/v2\/types\/page"}],"author":[{"embeddable":true,"href":"https:\/\/diegolopezpalomo.com\/index.php\/wp-json\/wp\/v2\/users\/1"}],"replies":[{"embeddable":true,"href":"https:\/\/diegolopezpalomo.com\/index.php\/wp-json\/wp\/v2\/comments?post=47"}],"version-history":[{"count":3,"href":"https:\/\/diegolopezpalomo.com\/index.php\/wp-json\/wp\/v2\/pages\/47\/revisions"}],"predecessor-version":[{"id":1797,"href":"https:\/\/diegolopezpalomo.com\/index.php\/wp-json\/wp\/v2\/pages\/47\/revisions\/1797"}],"wp:attachment":[{"href":"https:\/\/diegolopezpalomo.com\/index.php\/wp-json\/wp\/v2\/media?parent=47"}],"curies":[{"name":"wp","href":"https:\/\/api.w.org\/{rel}","templated":true}]}}